{"id":1711,"date":"2025-09-04T13:57:16","date_gmt":"2025-09-04T13:57:16","guid":{"rendered":"https:\/\/unitedwoodfloorlayers.com\/index.php\/rejoignez-nous\/"},"modified":"2025-11-04T19:29:10","modified_gmt":"2025-11-04T19:29:10","slug":"rejoignez-nous","status":"publish","type":"page","link":"https:\/\/unitedwoodfloorlayers.com\/fr\/rejoignez-nous\/","title":{"rendered":"Rejoignez-nous"},"content":{"rendered":"<p><div class=\"fusion-fullwidth fullwidth-box fusion-builder-row-1 fusion-flex-container fusion-parallax-none hundred-percent-fullwidth non-hundred-percent-height-scrolling lazyload\" style=\"--link_hover_color: var(--awb-color1);--link_color: var(--awb-color4);--awb-border-radius-top-left:0px;--awb-border-radius-top-right:0px;--awb-border-radius-bottom-right:0px;--awb-border-radius-bottom-left:0px;--awb-padding-top:245px;--awb-padding-right:11vw;--awb-padding-bottom:450px;--awb-padding-left:11vw;--awb-padding-top-medium:160px;--awb-padding-right-medium:6vw;--awb-padding-bottom-medium:90px;--awb-padding-left-medium:6vw;--awb-padding-top-small:155px;--awb-padding-bottom-small:80px;--awb-margin-bottom:0px;--awb-margin-bottom-small:20px;--awb-background-color:var(--awb-color7);--awb-background-image:linear-gradient(180deg, hsla(var(--awb-color8-h),var(--awb-color8-s),var(--awb-color8-l),calc(var(--awb-color8-a) - 80%)) 0%,hsla(var(--awb-color8-h),var(--awb-color8-s),var(--awb-color8-l),calc(var(--awb-color8-a) - 80%)) 100%);;--awb-background-size:cover;--awb-flex-wrap:wrap;\" data-bg=\"https:\/\/unitedwoodfloorlayers.com\/wp-content\/uploads\/2025\/09\/priscilla-gyamfi-xVRIFWOBK3U-unsplash-scaled.jpg\" data-bg-gradient=\"linear-gradient(180deg, hsla(var(--awb-color8-h),var(--awb-color8-s),var(--awb-color8-l),calc(var(--awb-color8-a) - 80%)) 0%,hsla(var(--awb-color8-h),var(--awb-color8-s),var(--awb-color8-l),calc(var(--awb-color8-a) - 80%)) 100%)\" ><div class=\"fusion-builder-row fusion-row fusion-flex-align-items-flex-start fusion-flex-content-wrap\" style=\"width:calc( 100% + 6vw ) !important;max-width:calc( 100% + 6vw ) !important;margin-left: calc(-6vw \/ 2 );margin-right: calc(-6vw \/ 2 );\"><\/div><\/div><div class=\"fusion-fullwidth fullwidth-box fusion-builder-row-2 fusion-flex-container hundred-percent-fullwidth non-hundred-percent-height-scrolling\" style=\"--awb-background-position:left top;--awb-border-sizes-top:0px;--awb-border-sizes-bottom:0px;--awb-border-sizes-left:0px;--awb-border-sizes-right:0px;--awb-border-radius-top-left:0px;--awb-border-radius-top-right:0px;--awb-border-radius-bottom-right:0px;--awb-border-radius-bottom-left:0px;--awb-padding-top:0px;--awb-padding-right:0px;--awb-padding-bottom:0px;--awb-padding-left:0px;--awb-flex-wrap:wrap;\" ><div class=\"fusion-builder-row fusion-row fusion-flex-align-items-stretch fusion-flex-content-wrap\" style=\"width:104% !important;max-width:104% !important;margin-left: calc(-4% \/ 2 );margin-right: calc(-4% \/ 2 );\"><div class=\"fusion-layout-column fusion_builder_column fusion-builder-column-0 fusion_builder_column_1_2 1_2 fusion-flex-column\" style=\"--awb-padding-top:100px;--awb-padding-right:10%;--awb-padding-bottom:100px;--awb-padding-left:10%;--awb-padding-top-small:0px;--awb-padding-bottom-small:0px;--awb-bg-blend:overlay;--awb-bg-size:cover;--awb-width-large:50%;--awb-margin-top-large:0px;--awb-spacing-right-large:3.84%;--awb-margin-bottom-large:0px;--awb-spacing-left-large:3.84%;--awb-width-medium:100%;--awb-spacing-right-medium:1.92%;--awb-spacing-left-medium:1.92%;--awb-width-small:100%;--awb-spacing-right-small:1.92%;--awb-spacing-left-small:1.92%;\"><div class=\"fusion-column-wrapper fusion-flex-justify-content-flex-start fusion-content-layout-column\"><div class=\"fusion-separator fusion-full-width-sep fusion-hide-on-mobile\" style=\"align-self: center;margin-left: auto;margin-right: auto;margin-top:50px;width:100%;\"><\/div><div class=\"fusion-title title fusion-title-1 fusion-sep-none fusion-title-text fusion-title-size-two\"><h2 class=\"fusion-title-heading title-heading-left\" style=\"margin:0;text-transform:uppercase;line-height:1;\">REJOIGNEZ-NOUS<\/h2><\/div><div class=\"fusion-separator\" style=\"align-self: flex-start;margin-right:auto;margin-top:0px;margin-bottom:40px;width:100%;max-width:200px;\"><div class=\"fusion-separator-border sep-single sep-solid\" style=\"--awb-height:20px;--awb-amount:20px;--awb-sep-color:var(--awb-color4);border-color:var(--awb-color4);border-top-width:3px;\"><\/div><\/div><div class=\"fusion-text fusion-text-1\"><p style=\"color: var(--awb-color8); font-size: 18px;\" data-fusion-font=\"true\">Un mouvement ne peut grandir que si nous agissons ensemble.<\/p>\n<p>Participer ne signifie pas seulement \u00eatre inclus.<br \/>Participer, c&rsquo;est agir concr\u00e8tement.<br \/>Aider au moins trois personnes (faire preuve de g\u00e9n\u00e9rosit\u00e9),<br \/>et contribuer \u00e0 ce projet de la mani\u00e8re qui vous convient le mieux.<\/p>\n<p>Cela peut se traduire par un soutien financier,<br \/>par la fourniture de mat\u00e9riel,<br \/>ou par la mise \u00e0 disposition de services.<br \/>Tout compte.<br \/>Mais soyons honn\u00eates : sans soutien financier, nous n\u2019y arriverons pas.<\/p>\n<p>Et n\u2019oubliez pas : votre force r\u00e9side non seulement dans ce que vous faites,<br \/>mais aussi dans les personnes que vous inspirez \u00e0 vous rejoindre.<br \/>Mobilisez vos clients, vos voisins, vos amis, votre r\u00e9seau.<br \/>Parlez-leur de ce projet et invitez-les \u00e0 y participer.<br \/>Car m\u00eame si nous ne faisions cela qu\u2019avec des poseurs de parquet,<br \/>l\u2019impact serait d\u00e9j\u00e0 consid\u00e9rable et exponentiel.<br \/>Mais plus il y aura de participants, plus le mouvement prendra de l\u2019ampleur.<\/p>\n<\/div><\/div><\/div><div class=\"fusion-layout-column fusion_builder_column fusion-builder-column-1 fusion_builder_column_1_2 1_2 fusion-flex-column\" style=\"--awb-padding-top:20px;--awb-padding-right:0px;--awb-padding-bottom:100px;--awb-padding-left:0px;--awb-bg-blend:overlay;--awb-bg-size:cover;--awb-width-large:50%;--awb-margin-top-large:0px;--awb-spacing-right-large:3.84%;--awb-margin-bottom-large:0px;--awb-spacing-left-large:3.84%;--awb-width-medium:100%;--awb-spacing-right-medium:1.92%;--awb-spacing-left-medium:1.92%;--awb-width-small:100%;--awb-spacing-right-small:1.92%;--awb-spacing-left-small:1.92%;\"><div class=\"fusion-column-wrapper lazyload fusion-flex-justify-content-flex-start fusion-content-layout-column fusion-column-has-bg-image\" data-bg-url=\"https:\/\/unitedwoodfloorlayers.com\/wp-content\/uploads\/2025\/09\/krakenimages-Y5bvRlcCx8k-unsplash-scaled.jpg\" data-bg=\"https:\/\/unitedwoodfloorlayers.com\/wp-content\/uploads\/2025\/09\/krakenimages-Y5bvRlcCx8k-unsplash-scaled.jpg\"><div class=\"fusion-separator fusion-full-width-sep\" style=\"align-self: center;margin-left: auto;margin-right: auto;margin-top:350px;width:100%;\"><\/div><\/div><\/div><\/div><\/div><div class=\"fusion-fullwidth fullwidth-box fusion-builder-row-3 fusion-flex-container hundred-percent-fullwidth non-hundred-percent-height-scrolling\" style=\"--awb-background-position:left top;--awb-border-sizes-top:0px;--awb-border-sizes-bottom:0px;--awb-border-sizes-left:0px;--awb-border-sizes-right:0px;--awb-border-radius-top-left:0px;--awb-border-radius-top-right:0px;--awb-border-radius-bottom-right:0px;--awb-border-radius-bottom-left:0px;--awb-padding-top:0px;--awb-padding-right:0px;--awb-padding-bottom:0px;--awb-padding-left:0px;--awb-flex-wrap:wrap;\" ><div class=\"fusion-builder-row fusion-row fusion-flex-align-items-stretch fusion-flex-content-wrap\" style=\"width:104% !important;max-width:104% !important;margin-left: calc(-4% \/ 2 );margin-right: calc(-4% \/ 2 );\"><div class=\"fusion-layout-column fusion_builder_column fusion-builder-column-2 fusion_builder_column_1_2 1_2 fusion-flex-column\" style=\"--awb-padding-top:20px;--awb-padding-right:0px;--awb-padding-bottom:100px;--awb-padding-left:0px;--awb-bg-blend:overlay;--awb-bg-size:cover;--awb-width-large:50%;--awb-margin-top-large:0px;--awb-spacing-right-large:3.84%;--awb-margin-bottom-large:0px;--awb-spacing-left-large:3.84%;--awb-width-medium:100%;--awb-spacing-right-medium:1.92%;--awb-spacing-left-medium:1.92%;--awb-width-small:100%;--awb-order-small:1;--awb-spacing-right-small:1.92%;--awb-spacing-left-small:1.92%;\"><div class=\"fusion-column-wrapper lazyload fusion-flex-justify-content-flex-start fusion-content-layout-column fusion-column-has-bg-image\" data-bg-url=\"https:\/\/unitedwoodfloorlayers.com\/wp-content\/uploads\/2025\/09\/austin-kehmeier-lyiKExA4zQA-unsplash-1-scaled.jpg\" data-bg=\"https:\/\/unitedwoodfloorlayers.com\/wp-content\/uploads\/2025\/09\/austin-kehmeier-lyiKExA4zQA-unsplash-1-scaled.jpg\"><div class=\"fusion-separator fusion-full-width-sep\" style=\"align-self: center;margin-left: auto;margin-right: auto;margin-top:350px;width:100%;\"><\/div><\/div><\/div><div class=\"fusion-layout-column fusion_builder_column fusion-builder-column-3 fusion_builder_column_1_2 1_2 fusion-flex-column\" style=\"--awb-padding-top:100px;--awb-padding-right:10%;--awb-padding-bottom:100px;--awb-padding-left:10%;--awb-padding-top-small:50px;--awb-padding-bottom-small:0px;--awb-bg-blend:overlay;--awb-bg-size:cover;--awb-width-large:50%;--awb-margin-top-large:0px;--awb-spacing-right-large:3.84%;--awb-margin-bottom-large:0px;--awb-spacing-left-large:3.84%;--awb-width-medium:100%;--awb-spacing-right-medium:1.92%;--awb-spacing-left-medium:1.92%;--awb-width-small:100%;--awb-order-small:0;--awb-spacing-right-small:1.92%;--awb-spacing-left-small:1.92%;\"><div class=\"fusion-column-wrapper fusion-flex-justify-content-flex-start fusion-content-layout-column\"><div class=\"fusion-text fusion-text-2\"><p style=\"color: var(--awb-color8); font-size: 18px;\" data-fusion-font=\"true\"><b>\ud83d\udc77 Les poseurs de parquet<\/b><\/p>\n<p style=\"color: var(--awb-color8); font-size: 18px;\" data-fusion-font=\"true\">Contribuez \u00e0 une \u0153uvre d&rsquo;art dans votre pays.<\/p>\n<p style=\"color: var(--awb-color8); font-size: 18px;\" data-fusion-font=\"true\">Aidez trois autres personnes ou plus \u00e0 aller de l&rsquo;avant.<\/p>\n<p style=\"color: var(--awb-color8); font-size: 18px;\" data-fusion-font=\"true\">Partagez votre histoire et inspirez les autres \u00e0 vous rejoindre.<\/p>\n<p style=\"color: var(--awb-color8); font-size: 18px;\" data-fusion-font=\"true\">Et si vous le pouvez, contribuez aussi financi\u00e8rement \u2014 afin que le r\u00e9cit puisse se d\u00e9velopper et que notre message puisse voyager \u00e0 travers le monde.<\/p>\n<p style=\"color: var(--awb-color8); font-size: 18px;\" data-fusion-font=\"true\"><b>\ud83e\udd1d Sponsors et entreprises<\/b><\/p>\n<p style=\"color: var(--awb-color8); font-size: 18px;\" data-fusion-font=\"true\">Contribuez en fournissant des ressources, des services, du mat\u00e9riel ou un soutien financier.<\/p>\n<p style=\"color: var(--awb-color8); font-size: 18px;\" data-fusion-font=\"true\">D\u00e9montrez que votre entreprise privil\u00e9gie le lien social et l&rsquo;impact social.<\/p>\n<p style=\"color: var(--awb-color8); font-size: 18px;\" data-fusion-font=\"true\">De la boulangerie locale aux marques internationales, tout le monde peut participer \u00e0 ce projet.<\/p>\n<p style=\"color: var(--awb-color8); font-size: 18px;\" data-fusion-font=\"true\"><b>\ud83d\udcf0 M\u00e9dias et plateformes<\/b><\/p>\n<p style=\"color: var(--awb-color8); font-size: 18px;\" data-fusion-font=\"true\">Racontez cette histoire.<\/p>\n<p style=\"color: var(--awb-color8); font-size: 18px;\" data-fusion-font=\"true\">Contribuez \u00e0 rendre le mouvement visible, localement et globalement.<\/p>\n<p style=\"color: var(--awb-color8); font-size: 18px;\" data-fusion-font=\"true\">Un soutien financier est \u00e9galement essentiel pour d\u00e9velopper la narration.<\/p>\n<p style=\"color: var(--awb-color8); font-size: 18px;\" data-fusion-font=\"true\"><b>\ud83c\udf0d Tout le monde<\/b><\/p>\n<p style=\"color: var(--awb-color8); font-size: 18px;\" data-fusion-font=\"true\">Do something for someone else.<\/p>\n<p style=\"color: var(--awb-color8); font-size: 18px;\" data-fusion-font=\"true\">Aidez trois personnes \u00e0 aller de l&rsquo;avant et demandez-leur d&rsquo;en faire autant.<\/p>\n<p style=\"color: var(--awb-color8); font-size: 18px;\" data-fusion-font=\"true\">Inspirez votre entourage : voisins, amis, coll\u00e8gues, famille.<\/p>\n<p style=\"color: var(--awb-color8); font-size: 18px;\" data-fusion-font=\"true\">Et si vous le pouvez, apportez aussi votre soutien financier. Car sans soutien, il n&rsquo;y a pas d&rsquo;histoires \u00e0 raconter, et sans histoires, il n&rsquo;y a pas de mouvement mondial. <\/p>\n<\/div><\/div><\/div><\/div><\/div><div class=\"fusion-fullwidth fullwidth-box fusion-builder-row-4 fusion-flex-container has-pattern-background has-mask-background nonhundred-percent-fullwidth non-hundred-percent-height-scrolling\" style=\"--awb-border-radius-top-left:0px;--awb-border-radius-top-right:0px;--awb-border-radius-bottom-right:0px;--awb-border-radius-bottom-left:0px;--awb-flex-wrap:wrap;\" ><div class=\"fusion-builder-row fusion-row fusion-flex-align-items-flex-start fusion-flex-content-wrap\" style=\"max-width:1216.8px;margin-left: calc(-4% \/ 2 );margin-right: calc(-4% \/ 2 );\"><div class=\"fusion-layout-column fusion_builder_column fusion-builder-column-4 fusion_builder_column_1_1 1_1 fusion-flex-column\" style=\"--awb-padding-top:40px;--awb-bg-size:cover;--awb-width-large:100%;--awb-margin-top-large:0px;--awb-spacing-right-large:1.92%;--awb-margin-bottom-large:20px;--awb-spacing-left-large:1.92%;--awb-width-medium:100%;--awb-order-medium:0;--awb-spacing-right-medium:1.92%;--awb-spacing-left-medium:1.92%;--awb-width-small:100%;--awb-order-small:0;--awb-spacing-right-small:1.92%;--awb-spacing-left-small:1.92%;\"><div class=\"fusion-column-wrapper fusion-column-has-shadow fusion-flex-justify-content-flex-start fusion-content-layout-column\"><div class=\"fusion-text fusion-text-3\"><p style=\"text-align: center; color: var(--awb-color8); font-size: 18px;\" data-fusion-font=\"true\">Pourquoi un soutien est si urgent<\/p>\n<\/p>\n<div style=\"text-align: center;\"><span style=\"background-color: rgba(0, 0, 0, 0); color: var(--awb-color8); font-size: 18px;\" data-fusion-font=\"true\">Cr\u00e9ation des \u0153uvres d&rsquo;art et des supports de parrainage ?<\/span><\/div>\n<div style=\"text-align: center;\"><span style=\"background-color: rgba(0, 0, 0, 0); color: var(--awb-color8); font-size: 18px;\" data-fusion-font=\"true\">Nous pouvons g\u00e9rer cela.<\/span><\/div>\n<div style=\"text-align: center;\"><span style=\"background-color: rgba(0, 0, 0, 0); color: var(--awb-color8); font-size: 18px;\" data-fusion-font=\"true\">C\u2019est pour cela que nous, les poseurs de parquet, sommes l\u00e0 \u2014 et heureusement, les entreprises sont souvent pr\u00eates \u00e0 intervenir \u00e9galement.<\/span><\/div>\n<\/p>\n<div style=\"text-align: center;\"><span style=\"background-color: rgba(0, 0, 0, 0); color: var(--awb-color8); font-size: 18px;\" data-fusion-font=\"true\">Mais l\u00e0 o\u00f9 nous avons vraiment besoin de vous<\/span><\/div>\n<div style=\"text-align: center;\"><span style=\"background-color: rgba(0, 0, 0, 0); color: var(--awb-color8); font-size: 18px;\" data-fusion-font=\"true\">Il s&rsquo;agit de rendre ce projet visible.<\/span><\/div>\n<div style=\"text-align: center;\"><span style=\"background-color: rgba(0, 0, 0, 0); color: var(--awb-color8); font-size: 18px;\" data-fusion-font=\"true\">Dans l&rsquo;art de raconter des histoires.<\/span><\/div>\n<div style=\"text-align: center;\"><span style=\"background-color: rgba(0, 0, 0, 0); color: var(--awb-color8); font-size: 18px;\" data-fusion-font=\"true\">En partageant cette histoire avec le monde.<\/span><\/div>\n<div style=\"text-align: center;\"><span style=\"background-color: rgba(0, 0, 0, 0); color: var(--awb-color8); font-size: 18px;\" data-fusion-font=\"true\">En permettant \u00e0 l&rsquo;\u0153uvre d&rsquo;art de voyager \u2014<\/span><\/div>\n<div style=\"text-align: center;\"><span style=\"background-color: rgba(0, 0, 0, 0); color: var(--awb-color8); font-size: 18px;\" data-fusion-font=\"true\">par l&rsquo;interm\u00e9diaire des pays qui ont contribu\u00e9,<\/span><\/div>\n<div style=\"text-align: center;\"><span style=\"background-color: rgba(0, 0, 0, 0); color: var(--awb-color8); font-size: 18px;\" data-fusion-font=\"true\">diffuser progressivement le concept de \u00ab Pay It Forward \u00bb encore plus largement.<\/span><\/div>\n<\/p>\n<div style=\"text-align: center;\"><span style=\"background-color: rgba(0, 0, 0, 0); color: var(--awb-color8); font-size: 18px;\" data-fusion-font=\"true\">Et pour organiser et structurer tout cela<\/span><\/div>\n<div style=\"text-align: center;\"><span style=\"background-color: rgba(0, 0, 0, 0); color: var(--awb-color8); font-size: 18px;\" data-fusion-font=\"true\">Vous avez simplement besoin de temps et de ressources.<\/span><\/div>\n<div style=\"text-align: center;\"><span style=\"background-color: rgba(0, 0, 0, 0); color: var(--awb-color8); font-size: 18px;\" data-fusion-font=\"true\">Il n&rsquo;y a pas d&rsquo;autre solution.<\/span><\/div>\n<\/p>\n<div style=\"text-align: center;\"><span style=\"background-color: rgba(0, 0, 0, 0); color: var(--awb-color8); font-size: 18px;\" data-fusion-font=\"true\">C\u2019est l\u00e0 que votre soutien fait toute la diff\u00e9rence.<\/span><\/div>\n<div style=\"text-align: center;\"><span style=\"background-color: rgba(0, 0, 0, 0); color: var(--awb-color8); font-size: 18px;\" data-fusion-font=\"true\">Car sans temps, sans ressources,<\/span><\/div>\n<div style=\"text-align: center;\"><span style=\"background-color: rgba(0, 0, 0, 0); color: var(--awb-color8); font-size: 18px;\" data-fusion-font=\"true\">Ce projet ne d\u00e9passera jamais le stade d&rsquo;une simple id\u00e9e.<\/span><\/div>\n<\/p>\n<div style=\"text-align: center;\"><span style=\"background-color: rgba(0, 0, 0, 0); color: var(--awb-color8); font-size: 18px;\" data-fusion-font=\"true\">\ud83c\udf0d Gr\u00e2ce \u00e0 votre contribution, nous garantissons que cette \u0153uvre d&rsquo;art ne sera pas seulement r\u00e9alis\u00e9e,<\/span><\/div>\n<div style=\"text-align: center;\"><span style=\"background-color: rgba(0, 0, 0, 0); color: var(--awb-color8); font-size: 18px;\" data-fusion-font=\"true\">mais aussi v\u00e9ritablement vus, v\u00e9cus et partag\u00e9s \u2014 dans le monde entier.<\/span><\/div><\/p>\n<\/div><\/div><\/div><\/div><\/div><div class=\"fusion-fullwidth fullwidth-box fusion-builder-row-5 fusion-flex-container fusion-parallax-none nonhundred-percent-fullwidth non-hundred-percent-height-scrolling lazyload\" style=\"--awb-background-blend-mode:multiply;--awb-border-sizes-top:0px;--awb-border-sizes-bottom:0px;--awb-border-sizes-left:0px;--awb-border-sizes-right:0px;--awb-border-radius-top-left:0px;--awb-border-radius-top-right:0px;--awb-border-radius-bottom-right:0px;--awb-border-radius-bottom-left:0px;--awb-padding-top:150px;--awb-padding-bottom:150px;--awb-background-color:rgba(38,46,68,0.6);--awb-background-size:cover;--awb-flex-wrap:wrap;\" data-bg=\"https:\/\/unitedwoodfloorlayers.com\/wp-content\/uploads\/2025\/09\/jaime-lopes-0RDBOAdnbWM-unsplash-scaled.jpg\" ><div class=\"fusion-builder-row fusion-row fusion-flex-align-items-flex-start fusion-flex-content-wrap\" style=\"max-width:calc( 1170px + 0px );margin-left: calc(-0px \/ 2 );margin-right: calc(-0px \/ 2 );\"><div class=\"fusion-layout-column fusion_builder_column fusion-builder-column-5 fusion_builder_column_1_1 1_1 fusion-flex-column\" style=\"--awb-padding-right:11%;--awb-padding-left:11%;--awb-bg-blend:overlay;--awb-bg-size:cover;--awb-width-large:100%;--awb-margin-top-large:0px;--awb-spacing-right-large:0px;--awb-margin-bottom-large:20px;--awb-spacing-left-large:0px;--awb-width-medium:100%;--awb-spacing-right-medium:0px;--awb-spacing-left-medium:0px;--awb-width-small:100%;--awb-spacing-right-small:0px;--awb-spacing-left-small:0px;\"><div class=\"fusion-column-wrapper fusion-flex-justify-content-flex-start fusion-content-layout-column\"><div class=\"fusion-title title fusion-title-2 fusion-sep-none fusion-title-center fusion-title-text fusion-title-size-two\" style=\"--awb-text-color:var(--awb-color1);\"><h2 class=\"fusion-title-heading title-heading-center\" style=\"margin:0;text-transform:uppercase;line-height:1;\">REJOIGNEZ LE MOUVEMENT<\/h2><\/div><div class=\"fusion-separator\" style=\"align-self: center;margin-left: auto;margin-right: auto;margin-top:0px;margin-bottom:40px;width:100%;max-width:200px;\"><div class=\"fusion-separator-border sep-single sep-solid\" style=\"--awb-height:20px;--awb-amount:20px;--awb-sep-color:var(--awb-color4);border-color:var(--awb-color4);border-top-width:3px;\"><\/div><\/div><div class=\"fusion-text fusion-text-4\" style=\"--awb-content-alignment:center;--awb-font-size:var(--awb-typography2-font-size);--awb-line-height:var(--awb-typography2-line-height);--awb-letter-spacing:var(--awb-typography2-letter-spacing);--awb-text-transform:var(--awb-typography2-text-transform);--awb-text-color:var(--awb-color1);--awb-text-font-family:var(--awb-typography2-font-family);--awb-text-font-weight:var(--awb-typography2-font-weight);--awb-text-font-style:var(--awb-typography2-font-style);\"><p>Rejoignez le mouvement United Wood Floor Layers et le concept \u00ab Pay it Forward \u00bb. Ensemble, nous pouvons faire la diff\u00e9rence ! <\/p>\n<\/div><div class=\"fusion-separator fusion-full-width-sep\" style=\"align-self: center;margin-left: auto;margin-right: auto;margin-top:25px;width:100%;\"><\/div><div class=\"fusion-builder-row fusion-builder-row-inner fusion-row fusion-flex-align-items-flex-start fusion-flex-content-wrap\" style=\"width:calc( 100% + 0px ) !important;max-width:calc( 100% + 0px ) !important;margin-left: calc(-0px \/ 2 );margin-right: calc(-0px \/ 2 );\"><div class=\"fusion-layout-column fusion_builder_column_inner fusion-builder-nested-column-0 fusion_builder_column_inner_1_4 1_4 fusion-flex-column\" style=\"--awb-bg-blend:overlay;--awb-bg-size:cover;--awb-width-large:25%;--awb-margin-top-large:0px;--awb-spacing-right-large:0px;--awb-margin-bottom-large:20px;--awb-spacing-left-large:0px;--awb-width-medium:100%;--awb-spacing-right-medium:0px;--awb-spacing-left-medium:0px;--awb-width-small:100%;--awb-spacing-right-small:0px;--awb-spacing-left-small:0px;\"><div class=\"fusion-column-wrapper fusion-flex-justify-content-flex-start fusion-content-layout-column\"><\/div><\/div><div class=\"fusion-layout-column fusion_builder_column_inner fusion-builder-nested-column-1 fusion_builder_column_inner_1_4 1_4 fusion-flex-column\" style=\"--awb-bg-blend:overlay;--awb-bg-size:cover;--awb-width-large:25%;--awb-margin-top-large:0px;--awb-spacing-right-large:0px;--awb-margin-bottom-large:20px;--awb-spacing-left-large:0px;--awb-width-medium:100%;--awb-spacing-right-medium:0px;--awb-spacing-left-medium:0px;--awb-width-small:100%;--awb-spacing-right-small:0px;--awb-spacing-left-small:0px;\"><div class=\"fusion-column-wrapper fusion-flex-justify-content-flex-start fusion-content-layout-column\"><div style=\"text-align:center;\"><a class=\"fusion-button button-flat fusion-button-default-size button-custom fusion-button-default button-1 fusion-button-default-span fusion-button-default-type\" style=\"--button_accent_color:var(--awb-color1);--button_accent_hover_color:var(--awb-color4);--button_border_hover_color:var(--awb-color4);--button_border_width-top:2px;--button_border_width-right:2px;--button_border_width-bottom:2px;--button_border_width-left:2px;--button_gradient_top_color:rgba(254,201,107,0);--button_gradient_bottom_color:rgba(254,201,107,0);--button_gradient_top_color_hover:rgba(0,0,0,0);--button_gradient_bottom_color_hover:rgba(0,0,0,0);\" target=\"_self\" href=\"https:\/\/unitedwoodfloorlayers.com\/index.php\/join-us\/\"><span class=\"fusion-button-text awb-button__text awb-button__text--default\">REJOIGNEZ-NOUS<\/span><\/a><\/div><\/div><\/div><div class=\"fusion-layout-column fusion_builder_column_inner fusion-builder-nested-column-2 fusion_builder_column_inner_1_4 1_4 fusion-flex-column\" style=\"--awb-bg-blend:overlay;--awb-bg-size:cover;--awb-width-large:25%;--awb-margin-top-large:0px;--awb-spacing-right-large:0px;--awb-margin-bottom-large:20px;--awb-spacing-left-large:0px;--awb-width-medium:100%;--awb-spacing-right-medium:0px;--awb-spacing-left-medium:0px;--awb-width-small:100%;--awb-spacing-right-small:0px;--awb-spacing-left-small:0px;\"><div class=\"fusion-column-wrapper fusion-flex-justify-content-flex-start fusion-content-layout-column\"><div style=\"text-align:center;\"><a class=\"fusion-button button-flat fusion-button-default-size button-custom fusion-button-default button-2 fusion-button-default-span fusion-button-default-type\" style=\"--button_accent_color:var(--awb-color1);--button_accent_hover_color:var(--awb-color4);--button_border_hover_color:var(--awb-color4);--button_border_width-top:2px;--button_border_width-right:2px;--button_border_width-bottom:2px;--button_border_width-left:2px;--button_gradient_top_color:rgba(254,201,107,0);--button_gradient_bottom_color:rgba(254,201,107,0);--button_gradient_top_color_hover:rgba(0,0,0,0);--button_gradient_bottom_color_hover:rgba(0,0,0,0);\" target=\"_self\" href=\"https:\/\/unitedwoodfloorlayers.com\/index.php\/donate\/\"><span class=\"fusion-button-text awb-button__text awb-button__text--default\">FAITES UN DON MAINTENANT<\/span><\/a><\/div><\/div><\/div><div class=\"fusion-layout-column fusion_builder_column_inner fusion-builder-nested-column-3 fusion_builder_column_inner_1_4 1_4 fusion-flex-column\" style=\"--awb-bg-blend:overlay;--awb-bg-size:cover;--awb-width-large:25%;--awb-margin-top-large:0px;--awb-spacing-right-large:0px;--awb-margin-bottom-large:20px;--awb-spacing-left-large:0px;--awb-width-medium:100%;--awb-spacing-right-medium:0px;--awb-spacing-left-medium:0px;--awb-width-small:100%;--awb-spacing-right-small:0px;--awb-spacing-left-small:0px;\"><div class=\"fusion-column-wrapper fusion-flex-justify-content-flex-start fusion-content-layout-column\"><\/div><\/div><\/div><\/div><\/div><\/div><\/div><\/p>\n","protected":false},"excerpt":{"rendered":"","protected":false},"author":2,"featured_media":0,"parent":0,"menu_order":0,"comment_status":"closed","ping_status":"closed","template":"100-width.php","meta":{"footnotes":""},"class_list":["post-1711","page","type-page","status-publish","hentry"],"_links":{"self":[{"href":"https:\/\/unitedwoodfloorlayers.com\/fr\/wp-json\/wp\/v2\/pages\/1711","targetHints":{"allow":["GET"]}}],"collection":[{"href":"https:\/\/unitedwoodfloorlayers.com\/fr\/wp-json\/wp\/v2\/pages"}],"about":[{"href":"https:\/\/unitedwoodfloorlayers.com\/fr\/wp-json\/wp\/v2\/types\/page"}],"author":[{"embeddable":true,"href":"https:\/\/unitedwoodfloorlayers.com\/fr\/wp-json\/wp\/v2\/users\/2"}],"replies":[{"embeddable":true,"href":"https:\/\/unitedwoodfloorlayers.com\/fr\/wp-json\/wp\/v2\/comments?post=1711"}],"version-history":[{"count":2,"href":"https:\/\/unitedwoodfloorlayers.com\/fr\/wp-json\/wp\/v2\/pages\/1711\/revisions"}],"predecessor-version":[{"id":1713,"href":"https:\/\/unitedwoodfloorlayers.com\/fr\/wp-json\/wp\/v2\/pages\/1711\/revisions\/1713"}],"wp:attachment":[{"href":"https:\/\/unitedwoodfloorlayers.com\/fr\/wp-json\/wp\/v2\/media?parent=1711"}],"curies":[{"name":"wp","href":"https:\/\/api.w.org\/{rel}","templated":true}]}}