{"id":1717,"date":"2025-09-04T13:57:16","date_gmt":"2025-09-04T13:57:16","guid":{"rendered":"https:\/\/unitedwoodfloorlayers.com\/index.php\/unete-a-nosotros\/"},"modified":"2025-11-04T19:43:25","modified_gmt":"2025-11-04T19:43:25","slug":"unete-a-nosotros","status":"publish","type":"page","link":"https:\/\/unitedwoodfloorlayers.com\/es\/unete-a-nosotros\/","title":{"rendered":"\u00danete a nosotros"},"content":{"rendered":"<p><div class=\"fusion-fullwidth fullwidth-box fusion-builder-row-1 fusion-flex-container fusion-parallax-none hundred-percent-fullwidth non-hundred-percent-height-scrolling lazyload\" style=\"--link_hover_color: var(--awb-color1);--link_color: var(--awb-color4);--awb-border-radius-top-left:0px;--awb-border-radius-top-right:0px;--awb-border-radius-bottom-right:0px;--awb-border-radius-bottom-left:0px;--awb-padding-top:245px;--awb-padding-right:11vw;--awb-padding-bottom:450px;--awb-padding-left:11vw;--awb-padding-top-medium:160px;--awb-padding-right-medium:6vw;--awb-padding-bottom-medium:90px;--awb-padding-left-medium:6vw;--awb-padding-top-small:155px;--awb-padding-bottom-small:80px;--awb-margin-bottom:0px;--awb-margin-bottom-small:20px;--awb-background-color:var(--awb-color7);--awb-background-image:linear-gradient(180deg, hsla(var(--awb-color8-h),var(--awb-color8-s),var(--awb-color8-l),calc(var(--awb-color8-a) - 80%)) 0%,hsla(var(--awb-color8-h),var(--awb-color8-s),var(--awb-color8-l),calc(var(--awb-color8-a) - 80%)) 100%);;--awb-background-size:cover;--awb-flex-wrap:wrap;\" data-bg=\"https:\/\/unitedwoodfloorlayers.com\/wp-content\/uploads\/2025\/09\/priscilla-gyamfi-xVRIFWOBK3U-unsplash-scaled.jpg\" data-bg-gradient=\"linear-gradient(180deg, hsla(var(--awb-color8-h),var(--awb-color8-s),var(--awb-color8-l),calc(var(--awb-color8-a) - 80%)) 0%,hsla(var(--awb-color8-h),var(--awb-color8-s),var(--awb-color8-l),calc(var(--awb-color8-a) - 80%)) 100%)\" ><div class=\"fusion-builder-row fusion-row fusion-flex-align-items-flex-start fusion-flex-content-wrap\" style=\"width:calc( 100% + 6vw ) !important;max-width:calc( 100% + 6vw ) !important;margin-left: calc(-6vw \/ 2 );margin-right: calc(-6vw \/ 2 );\"><\/div><\/div><div class=\"fusion-fullwidth fullwidth-box fusion-builder-row-2 fusion-flex-container hundred-percent-fullwidth non-hundred-percent-height-scrolling\" style=\"--awb-background-position:left top;--awb-border-sizes-top:0px;--awb-border-sizes-bottom:0px;--awb-border-sizes-left:0px;--awb-border-sizes-right:0px;--awb-border-radius-top-left:0px;--awb-border-radius-top-right:0px;--awb-border-radius-bottom-right:0px;--awb-border-radius-bottom-left:0px;--awb-padding-top:0px;--awb-padding-right:0px;--awb-padding-bottom:0px;--awb-padding-left:0px;--awb-flex-wrap:wrap;\" ><div class=\"fusion-builder-row fusion-row fusion-flex-align-items-stretch fusion-flex-content-wrap\" style=\"width:104% !important;max-width:104% !important;margin-left: calc(-4% \/ 2 );margin-right: calc(-4% \/ 2 );\"><div class=\"fusion-layout-column fusion_builder_column fusion-builder-column-0 fusion_builder_column_1_2 1_2 fusion-flex-column\" style=\"--awb-padding-top:100px;--awb-padding-right:10%;--awb-padding-bottom:100px;--awb-padding-left:10%;--awb-padding-top-small:0px;--awb-padding-bottom-small:0px;--awb-bg-blend:overlay;--awb-bg-size:cover;--awb-width-large:50%;--awb-margin-top-large:0px;--awb-spacing-right-large:3.84%;--awb-margin-bottom-large:0px;--awb-spacing-left-large:3.84%;--awb-width-medium:100%;--awb-spacing-right-medium:1.92%;--awb-spacing-left-medium:1.92%;--awb-width-small:100%;--awb-spacing-right-small:1.92%;--awb-spacing-left-small:1.92%;\"><div class=\"fusion-column-wrapper fusion-flex-justify-content-flex-start fusion-content-layout-column\"><div class=\"fusion-separator fusion-full-width-sep fusion-hide-on-mobile\" style=\"align-self: center;margin-left: auto;margin-right: auto;margin-top:50px;width:100%;\"><\/div><div class=\"fusion-title title fusion-title-1 fusion-sep-none fusion-title-text fusion-title-size-two\"><h2 class=\"fusion-title-heading title-heading-left\" style=\"margin:0;text-transform:uppercase;line-height:1;\">\u00daNETE A NOSOTROS<\/h2><\/div><div class=\"fusion-separator\" style=\"align-self: flex-start;margin-right:auto;margin-top:0px;margin-bottom:40px;width:100%;max-width:200px;\"><div class=\"fusion-separator-border sep-single sep-solid\" style=\"--awb-height:20px;--awb-amount:20px;--awb-sep-color:var(--awb-color4);border-color:var(--awb-color4);border-top-width:3px;\"><\/div><\/div><div class=\"fusion-text fusion-text-1\"><p style=\"color: var(--awb-color8); font-size: 18px;\" data-fusion-font=\"true\">Un movimiento solo puede crecer si lo hacemos juntos.<\/p>\n<p>Participar no solo significa estar incluido.<br \/>Participar significa tomar la iniciativa.<br \/>Ayudar al menos a tres personas (Cultivar la generosidad),<br \/>y contribuir a este proyecto de la manera que mejor te convenga.<\/p>\n<p>Eso podr\u00eda ser mediante apoyo financiero,<br \/>proporcionando materiales,<br \/>o ofreciendo servicios.<br \/>Todo cuenta.<br \/>Pero seamos honestos: sin apoyo financiero, no lo lograremos.<\/p>\n<p>Y no lo olvides: tu fuerza reside no solo en lo que haces,<br \/>sino tambi\u00e9n en a qui\u00e9n inspiras a unirse.<br \/>Involucra a tus clientes, tus vecinos, tus amigos, tu red de contactos.<br \/>Inf\u00f3rmales sobre este proyecto e inv\u00edtalos a participar.<br \/>Porque incluso si lo hici\u00e9ramos solo con capas de parquet,<br \/>ya generar\u00edamos un impacto enorme y exponencial.<br \/>Pero cuanta m\u00e1s gente se una, mayor ser\u00e1 el movimiento.<\/p>\n<\/div><\/div><\/div><div class=\"fusion-layout-column fusion_builder_column fusion-builder-column-1 fusion_builder_column_1_2 1_2 fusion-flex-column\" style=\"--awb-padding-top:20px;--awb-padding-right:0px;--awb-padding-bottom:100px;--awb-padding-left:0px;--awb-bg-blend:overlay;--awb-bg-size:cover;--awb-width-large:50%;--awb-margin-top-large:0px;--awb-spacing-right-large:3.84%;--awb-margin-bottom-large:0px;--awb-spacing-left-large:3.84%;--awb-width-medium:100%;--awb-spacing-right-medium:1.92%;--awb-spacing-left-medium:1.92%;--awb-width-small:100%;--awb-spacing-right-small:1.92%;--awb-spacing-left-small:1.92%;\"><div class=\"fusion-column-wrapper lazyload fusion-flex-justify-content-flex-start fusion-content-layout-column fusion-column-has-bg-image\" data-bg-url=\"https:\/\/unitedwoodfloorlayers.com\/wp-content\/uploads\/2025\/09\/krakenimages-Y5bvRlcCx8k-unsplash-scaled.jpg\" data-bg=\"https:\/\/unitedwoodfloorlayers.com\/wp-content\/uploads\/2025\/09\/krakenimages-Y5bvRlcCx8k-unsplash-scaled.jpg\"><div class=\"fusion-separator fusion-full-width-sep\" style=\"align-self: center;margin-left: auto;margin-right: auto;margin-top:350px;width:100%;\"><\/div><\/div><\/div><\/div><\/div><div class=\"fusion-fullwidth fullwidth-box fusion-builder-row-3 fusion-flex-container hundred-percent-fullwidth non-hundred-percent-height-scrolling\" style=\"--awb-background-position:left top;--awb-border-sizes-top:0px;--awb-border-sizes-bottom:0px;--awb-border-sizes-left:0px;--awb-border-sizes-right:0px;--awb-border-radius-top-left:0px;--awb-border-radius-top-right:0px;--awb-border-radius-bottom-right:0px;--awb-border-radius-bottom-left:0px;--awb-padding-top:0px;--awb-padding-right:0px;--awb-padding-bottom:0px;--awb-padding-left:0px;--awb-flex-wrap:wrap;\" ><div class=\"fusion-builder-row fusion-row fusion-flex-align-items-stretch fusion-flex-content-wrap\" style=\"width:104% !important;max-width:104% !important;margin-left: calc(-4% \/ 2 );margin-right: calc(-4% \/ 2 );\"><div class=\"fusion-layout-column fusion_builder_column fusion-builder-column-2 fusion_builder_column_1_2 1_2 fusion-flex-column\" style=\"--awb-padding-top:20px;--awb-padding-right:0px;--awb-padding-bottom:100px;--awb-padding-left:0px;--awb-bg-blend:overlay;--awb-bg-size:cover;--awb-width-large:50%;--awb-margin-top-large:0px;--awb-spacing-right-large:3.84%;--awb-margin-bottom-large:0px;--awb-spacing-left-large:3.84%;--awb-width-medium:100%;--awb-spacing-right-medium:1.92%;--awb-spacing-left-medium:1.92%;--awb-width-small:100%;--awb-order-small:1;--awb-spacing-right-small:1.92%;--awb-spacing-left-small:1.92%;\"><div class=\"fusion-column-wrapper lazyload fusion-flex-justify-content-flex-start fusion-content-layout-column fusion-column-has-bg-image\" data-bg-url=\"https:\/\/unitedwoodfloorlayers.com\/wp-content\/uploads\/2025\/09\/austin-kehmeier-lyiKExA4zQA-unsplash-1-scaled.jpg\" data-bg=\"https:\/\/unitedwoodfloorlayers.com\/wp-content\/uploads\/2025\/09\/austin-kehmeier-lyiKExA4zQA-unsplash-1-scaled.jpg\"><div class=\"fusion-separator fusion-full-width-sep\" style=\"align-self: center;margin-left: auto;margin-right: auto;margin-top:350px;width:100%;\"><\/div><\/div><\/div><div class=\"fusion-layout-column fusion_builder_column fusion-builder-column-3 fusion_builder_column_1_2 1_2 fusion-flex-column\" style=\"--awb-padding-top:100px;--awb-padding-right:10%;--awb-padding-bottom:100px;--awb-padding-left:10%;--awb-padding-top-small:50px;--awb-padding-bottom-small:0px;--awb-bg-blend:overlay;--awb-bg-size:cover;--awb-width-large:50%;--awb-margin-top-large:0px;--awb-spacing-right-large:3.84%;--awb-margin-bottom-large:0px;--awb-spacing-left-large:3.84%;--awb-width-medium:100%;--awb-spacing-right-medium:1.92%;--awb-spacing-left-medium:1.92%;--awb-width-small:100%;--awb-order-small:0;--awb-spacing-right-small:1.92%;--awb-spacing-left-small:1.92%;\"><div class=\"fusion-column-wrapper fusion-flex-justify-content-flex-start fusion-content-layout-column\"><div class=\"fusion-text fusion-text-2\"><p style=\"color: var(--awb-color8); font-size: 18px;\" data-fusion-font=\"true\"><b>\ud83d\udc77 Capas de parquet<\/b><\/p>\n<p style=\"color: var(--awb-color8); font-size: 18px;\" data-fusion-font=\"true\">Contribuye a una obra de arte en tu pa\u00eds.<\/p>\n<p style=\"color: var(--awb-color8); font-size: 18px;\" data-fusion-font=\"true\">Ayuda a otras tres o m\u00e1s personas a seguir adelante.<\/p>\n<p style=\"color: var(--awb-color8); font-size: 18px;\" data-fusion-font=\"true\">Comparte tu historia e inspira a otros a unirse.<\/p>\n<p style=\"color: var(--awb-color8); font-size: 18px;\" data-fusion-font=\"true\">Y si puedes, contribuye tambi\u00e9n econ\u00f3micamente, para que la narraci\u00f3n de historias pueda crecer y nuestro mensaje pueda viajar por todo el mundo.<\/p>\n<p style=\"color: var(--awb-color8); font-size: 18px;\" data-fusion-font=\"true\"><b>\ud83e\udd1d Patrocinadores y empresas<\/b><\/p>\n<p style=\"color: var(--awb-color8); font-size: 18px;\" data-fusion-font=\"true\">Contribuya con recursos, servicios, materiales o apoyo financiero.<\/p>\n<p style=\"color: var(--awb-color8); font-size: 18px;\" data-fusion-font=\"true\">Demuestra que tu empresa apuesta por la conexi\u00f3n y el impacto social.<\/p>\n<p style=\"color: var(--awb-color8); font-size: 18px;\" data-fusion-font=\"true\">Desde la panader\u00eda local hasta las marcas internacionales, todos pueden formar parte de este proyecto.<\/p>\n<p style=\"color: var(--awb-color8); font-size: 18px;\" data-fusion-font=\"true\"><b>\ud83d\udcf0 Medios y plataformas<\/b><\/p>\n<p style=\"color: var(--awb-color8); font-size: 18px;\" data-fusion-font=\"true\">Cuenta esta historia.<\/p>\n<p style=\"color: var(--awb-color8); font-size: 18px;\" data-fusion-font=\"true\">Ayuda a visibilizar el movimiento, tanto a nivel local como global.<\/p>\n<p style=\"color: var(--awb-color8); font-size: 18px;\" data-fusion-font=\"true\">El apoyo financiero tambi\u00e9n es esencial aqu\u00ed para potenciar la narraci\u00f3n de historias.<\/p>\n<p style=\"color: var(--awb-color8); font-size: 18px;\" data-fusion-font=\"true\"><b>\ud83c\udf0d Todos<\/b><\/p>\n<p style=\"color: var(--awb-color8); font-size: 18px;\" data-fusion-font=\"true\">Haz algo por otra persona.<\/p>\n<p style=\"color: var(--awb-color8); font-size: 18px;\" data-fusion-font=\"true\">Ayuda a tres personas a seguir adelante y p\u00eddeles que hagan lo mismo.<\/p>\n<p style=\"color: var(--awb-color8); font-size: 18px;\" data-fusion-font=\"true\">Inspira a quienes te rodean: vecinos, amigos, compa\u00f1eros de trabajo, familia.<\/p>\n<p style=\"color: var(--awb-color8); font-size: 18px;\" data-fusion-font=\"true\">Y si puedes, apoya tambi\u00e9n econ\u00f3micamente. Porque sin apoyo no hay narraci\u00f3n de historias, y sin narraci\u00f3n de historias no hay movimiento global. <\/p>\n<\/div><\/div><\/div><\/div><\/div><div class=\"fusion-fullwidth fullwidth-box fusion-builder-row-4 fusion-flex-container has-pattern-background has-mask-background nonhundred-percent-fullwidth non-hundred-percent-height-scrolling\" style=\"--awb-border-radius-top-left:0px;--awb-border-radius-top-right:0px;--awb-border-radius-bottom-right:0px;--awb-border-radius-bottom-left:0px;--awb-flex-wrap:wrap;\" ><div class=\"fusion-builder-row fusion-row fusion-flex-align-items-flex-start fusion-flex-content-wrap\" style=\"max-width:1216.8px;margin-left: calc(-4% \/ 2 );margin-right: calc(-4% \/ 2 );\"><div class=\"fusion-layout-column fusion_builder_column fusion-builder-column-4 fusion_builder_column_1_1 1_1 fusion-flex-column\" style=\"--awb-padding-top:40px;--awb-bg-size:cover;--awb-width-large:100%;--awb-margin-top-large:0px;--awb-spacing-right-large:1.92%;--awb-margin-bottom-large:20px;--awb-spacing-left-large:1.92%;--awb-width-medium:100%;--awb-order-medium:0;--awb-spacing-right-medium:1.92%;--awb-spacing-left-medium:1.92%;--awb-width-small:100%;--awb-order-small:0;--awb-spacing-right-small:1.92%;--awb-spacing-left-small:1.92%;\"><div class=\"fusion-column-wrapper fusion-column-has-shadow fusion-flex-justify-content-flex-start fusion-content-layout-column\"><div class=\"fusion-text fusion-text-3\"><p style=\"text-align: center; color: var(--awb-color8); font-size: 18px;\" data-fusion-font=\"true\">\u00bfPor qu\u00e9 se necesita apoyo con tanta urgencia?<\/p>\n<\/p>\n<div style=\"text-align: center;\"><span style=\"background-color: rgba(0, 0, 0, 0); color: var(--awb-color8); font-size: 18px;\" data-fusion-font=\"true\">\u00bfCrear las obras de arte y patrocinar los materiales?<\/span><\/div>\n<div style=\"text-align: center;\"><span style=\"background-color: rgba(0, 0, 0, 0); color: var(--awb-color8); font-size: 18px;\" data-fusion-font=\"true\">Nosotros podemos manejar eso.<\/span><\/div>\n<div style=\"text-align: center;\"><span style=\"background-color: rgba(0, 0, 0, 0); color: var(--awb-color8); font-size: 18px;\" data-fusion-font=\"true\">Para eso estamos los colocadores de parquet \u2014y, por suerte, las empresas suelen estar dispuestas a intervenir tambi\u00e9n\u2014.<\/span><\/div>\n<\/p>\n<div style=\"text-align: center;\"><span style=\"background-color: rgba(0, 0, 0, 0); color: var(--awb-color8); font-size: 18px;\" data-fusion-font=\"true\">Pero donde realmente te necesitamos<\/span><\/div>\n<div style=\"text-align: center;\"><span style=\"background-color: rgba(0, 0, 0, 0); color: var(--awb-color8); font-size: 18px;\" data-fusion-font=\"true\">se trata de hacer visible este proyecto.<\/span><\/div>\n<div style=\"text-align: center;\"><span style=\"background-color: rgba(0, 0, 0, 0); color: var(--awb-color8); font-size: 18px;\" data-fusion-font=\"true\">En la narraci\u00f3n de historias.<\/span><\/div>\n<div style=\"text-align: center;\"><span style=\"background-color: rgba(0, 0, 0, 0); color: var(--awb-color8); font-size: 18px;\" data-fusion-font=\"true\">Al compartir esta historia con el mundo.<\/span><\/div>\n<div style=\"text-align: center;\"><span style=\"background-color: rgba(0, 0, 0, 0); color: var(--awb-color8); font-size: 18px;\" data-fusion-font=\"true\">Al hacer posible que la obra de arte viaje \u2014<\/span><\/div>\n<div style=\"text-align: center;\"><span style=\"background-color: rgba(0, 0, 0, 0); color: var(--awb-color8); font-size: 18px;\" data-fusion-font=\"true\">a trav\u00e9s de los pa\u00edses que han contribuido,<\/span><\/div>\n<div style=\"text-align: center;\"><span style=\"background-color: rgba(0, 0, 0, 0); color: var(--awb-color8); font-size: 18px;\" data-fusion-font=\"true\">Difundiendo paso a paso a\u00fan m\u00e1s la idea de \u00abCadena de favores\u00bb.<\/span><\/div>\n<\/p>\n<div style=\"text-align: center;\"><span style=\"background-color: rgba(0, 0, 0, 0); color: var(--awb-color8); font-size: 18px;\" data-fusion-font=\"true\">Y para organizar y estructurar todo esto<\/span><\/div>\n<div style=\"text-align: center;\"><span style=\"background-color: rgba(0, 0, 0, 0); color: var(--awb-color8); font-size: 18px;\" data-fusion-font=\"true\">Simplemente necesitas tiempo y recursos.<\/span><\/div>\n<div style=\"text-align: center;\"><span style=\"background-color: rgba(0, 0, 0, 0); color: var(--awb-color8); font-size: 18px;\" data-fusion-font=\"true\">No hay otra manera.<\/span><\/div>\n<\/p>\n<div style=\"text-align: center;\"><span style=\"background-color: rgba(0, 0, 0, 0); color: var(--awb-color8); font-size: 18px;\" data-fusion-font=\"true\">Ah\u00ed es donde su apoyo marca la diferencia.<\/span><\/div>\n<div style=\"text-align: center;\"><span style=\"background-color: rgba(0, 0, 0, 0); color: var(--awb-color8); font-size: 18px;\" data-fusion-font=\"true\">Porque sin tiempo, sin recursos,<\/span><\/div>\n<div style=\"text-align: center;\"><span style=\"background-color: rgba(0, 0, 0, 0); color: var(--awb-color8); font-size: 18px;\" data-fusion-font=\"true\">Este proyecto nunca pasar\u00e1 de ser una simple idea.<\/span><\/div>\n<\/p>\n<div style=\"text-align: center;\"><span style=\"background-color: rgba(0, 0, 0, 0); color: var(--awb-color8); font-size: 18px;\" data-fusion-font=\"true\">\ud83c\udf0d Con tu contribuci\u00f3n, nos aseguramos de que esta obra de arte no solo se construya,<\/span><\/div>\n<div style=\"text-align: center;\"><span style=\"background-color: rgba(0, 0, 0, 0); color: var(--awb-color8); font-size: 18px;\" data-fusion-font=\"true\">pero tambi\u00e9n verdaderamente visto, experimentado y compartido \u2014 en todo el mundo.<\/span><\/div><\/p>\n<\/div><\/div><\/div><\/div><\/div><div class=\"fusion-fullwidth fullwidth-box fusion-builder-row-5 fusion-flex-container fusion-parallax-none nonhundred-percent-fullwidth non-hundred-percent-height-scrolling lazyload\" style=\"--awb-background-blend-mode:multiply;--awb-border-sizes-top:0px;--awb-border-sizes-bottom:0px;--awb-border-sizes-left:0px;--awb-border-sizes-right:0px;--awb-border-radius-top-left:0px;--awb-border-radius-top-right:0px;--awb-border-radius-bottom-right:0px;--awb-border-radius-bottom-left:0px;--awb-padding-top:150px;--awb-padding-bottom:150px;--awb-background-color:rgba(38,46,68,0.6);--awb-background-size:cover;--awb-flex-wrap:wrap;\" data-bg=\"https:\/\/unitedwoodfloorlayers.com\/wp-content\/uploads\/2025\/09\/jaime-lopes-0RDBOAdnbWM-unsplash-scaled.jpg\" ><div class=\"fusion-builder-row fusion-row fusion-flex-align-items-flex-start fusion-flex-content-wrap\" style=\"max-width:calc( 1170px + 0px );margin-left: calc(-0px \/ 2 );margin-right: calc(-0px \/ 2 );\"><div class=\"fusion-layout-column fusion_builder_column fusion-builder-column-5 fusion_builder_column_1_1 1_1 fusion-flex-column\" style=\"--awb-padding-right:11%;--awb-padding-left:11%;--awb-bg-blend:overlay;--awb-bg-size:cover;--awb-width-large:100%;--awb-margin-top-large:0px;--awb-spacing-right-large:0px;--awb-margin-bottom-large:20px;--awb-spacing-left-large:0px;--awb-width-medium:100%;--awb-spacing-right-medium:0px;--awb-spacing-left-medium:0px;--awb-width-small:100%;--awb-spacing-right-small:0px;--awb-spacing-left-small:0px;\"><div class=\"fusion-column-wrapper fusion-flex-justify-content-flex-start fusion-content-layout-column\"><div class=\"fusion-title title fusion-title-2 fusion-sep-none fusion-title-center fusion-title-text fusion-title-size-two\" style=\"--awb-text-color:var(--awb-color1);\"><h2 class=\"fusion-title-heading title-heading-center\" style=\"margin:0;text-transform:uppercase;line-height:1;\">\u00daNETE AL MOVIMIENTO<\/h2><\/div><div class=\"fusion-separator\" style=\"align-self: center;margin-left: auto;margin-right: auto;margin-top:0px;margin-bottom:40px;width:100%;max-width:200px;\"><div class=\"fusion-separator-border sep-single sep-solid\" style=\"--awb-height:20px;--awb-amount:20px;--awb-sep-color:var(--awb-color4);border-color:var(--awb-color4);border-top-width:3px;\"><\/div><\/div><div class=\"fusion-text fusion-text-4\" style=\"--awb-content-alignment:center;--awb-font-size:var(--awb-typography2-font-size);--awb-line-height:var(--awb-typography2-line-height);--awb-letter-spacing:var(--awb-typography2-letter-spacing);--awb-text-transform:var(--awb-typography2-text-transform);--awb-text-color:var(--awb-color1);--awb-text-font-family:var(--awb-typography2-font-family);--awb-text-font-weight:var(--awb-typography2-font-weight);--awb-text-font-style:var(--awb-typography2-font-style);\"><p>\u00danete al movimiento de United Wood Floor Layers y al concepto \u201cPaga con generosidad\u201d. \u00a1Juntos marcamos la diferencia! <\/p>\n<\/div><div class=\"fusion-separator fusion-full-width-sep\" style=\"align-self: center;margin-left: auto;margin-right: auto;margin-top:25px;width:100%;\"><\/div><div class=\"fusion-builder-row fusion-builder-row-inner fusion-row fusion-flex-align-items-flex-start fusion-flex-content-wrap\" style=\"width:calc( 100% + 0px ) !important;max-width:calc( 100% + 0px ) !important;margin-left: calc(-0px \/ 2 );margin-right: calc(-0px \/ 2 );\"><div class=\"fusion-layout-column fusion_builder_column_inner fusion-builder-nested-column-0 fusion_builder_column_inner_1_4 1_4 fusion-flex-column\" style=\"--awb-bg-blend:overlay;--awb-bg-size:cover;--awb-width-large:25%;--awb-margin-top-large:0px;--awb-spacing-right-large:0px;--awb-margin-bottom-large:20px;--awb-spacing-left-large:0px;--awb-width-medium:100%;--awb-spacing-right-medium:0px;--awb-spacing-left-medium:0px;--awb-width-small:100%;--awb-spacing-right-small:0px;--awb-spacing-left-small:0px;\"><div class=\"fusion-column-wrapper fusion-flex-justify-content-flex-start fusion-content-layout-column\"><\/div><\/div><div class=\"fusion-layout-column fusion_builder_column_inner fusion-builder-nested-column-1 fusion_builder_column_inner_1_4 1_4 fusion-flex-column\" style=\"--awb-bg-blend:overlay;--awb-bg-size:cover;--awb-width-large:25%;--awb-margin-top-large:0px;--awb-spacing-right-large:0px;--awb-margin-bottom-large:20px;--awb-spacing-left-large:0px;--awb-width-medium:100%;--awb-spacing-right-medium:0px;--awb-spacing-left-medium:0px;--awb-width-small:100%;--awb-spacing-right-small:0px;--awb-spacing-left-small:0px;\"><div class=\"fusion-column-wrapper fusion-flex-justify-content-flex-start fusion-content-layout-column\"><div style=\"text-align:center;\"><a class=\"fusion-button button-flat fusion-button-default-size button-custom fusion-button-default button-1 fusion-button-default-span fusion-button-default-type\" style=\"--button_accent_color:var(--awb-color1);--button_accent_hover_color:var(--awb-color4);--button_border_hover_color:var(--awb-color4);--button_border_width-top:2px;--button_border_width-right:2px;--button_border_width-bottom:2px;--button_border_width-left:2px;--button_gradient_top_color:rgba(254,201,107,0);--button_gradient_bottom_color:rgba(254,201,107,0);--button_gradient_top_color_hover:rgba(0,0,0,0);--button_gradient_bottom_color_hover:rgba(0,0,0,0);\" target=\"_self\" href=\"https:\/\/unitedwoodfloorlayers.com\/index.php\/join-us\/\"><span class=\"fusion-button-text awb-button__text awb-button__text--default\">\u00daNETE A NOSOTROS<\/span><\/a><\/div><\/div><\/div><div class=\"fusion-layout-column fusion_builder_column_inner fusion-builder-nested-column-2 fusion_builder_column_inner_1_4 1_4 fusion-flex-column\" style=\"--awb-bg-blend:overlay;--awb-bg-size:cover;--awb-width-large:25%;--awb-margin-top-large:0px;--awb-spacing-right-large:0px;--awb-margin-bottom-large:20px;--awb-spacing-left-large:0px;--awb-width-medium:100%;--awb-spacing-right-medium:0px;--awb-spacing-left-medium:0px;--awb-width-small:100%;--awb-spacing-right-small:0px;--awb-spacing-left-small:0px;\"><div class=\"fusion-column-wrapper fusion-flex-justify-content-flex-start fusion-content-layout-column\"><div style=\"text-align:center;\"><a class=\"fusion-button button-flat fusion-button-default-size button-custom fusion-button-default button-2 fusion-button-default-span fusion-button-default-type\" style=\"--button_accent_color:var(--awb-color1);--button_accent_hover_color:var(--awb-color4);--button_border_hover_color:var(--awb-color4);--button_border_width-top:2px;--button_border_width-right:2px;--button_border_width-bottom:2px;--button_border_width-left:2px;--button_gradient_top_color:rgba(254,201,107,0);--button_gradient_bottom_color:rgba(254,201,107,0);--button_gradient_top_color_hover:rgba(0,0,0,0);--button_gradient_bottom_color_hover:rgba(0,0,0,0);\" target=\"_self\" href=\"https:\/\/unitedwoodfloorlayers.com\/index.php\/donate\/\"><span class=\"fusion-button-text awb-button__text awb-button__text--default\">DONA AHORA<\/span><\/a><\/div><\/div><\/div><div class=\"fusion-layout-column fusion_builder_column_inner fusion-builder-nested-column-3 fusion_builder_column_inner_1_4 1_4 fusion-flex-column\" style=\"--awb-bg-blend:overlay;--awb-bg-size:cover;--awb-width-large:25%;--awb-margin-top-large:0px;--awb-spacing-right-large:0px;--awb-margin-bottom-large:20px;--awb-spacing-left-large:0px;--awb-width-medium:100%;--awb-spacing-right-medium:0px;--awb-spacing-left-medium:0px;--awb-width-small:100%;--awb-spacing-right-small:0px;--awb-spacing-left-small:0px;\"><div class=\"fusion-column-wrapper fusion-flex-justify-content-flex-start fusion-content-layout-column\"><\/div><\/div><\/div><\/div><\/div><\/div><\/div><\/p>\n","protected":false},"excerpt":{"rendered":"","protected":false},"author":2,"featured_media":0,"parent":0,"menu_order":0,"comment_status":"closed","ping_status":"closed","template":"100-width.php","meta":{"footnotes":""},"class_list":["post-1717","page","type-page","status-publish","hentry"],"_links":{"self":[{"href":"https:\/\/unitedwoodfloorlayers.com\/es\/wp-json\/wp\/v2\/pages\/1717","targetHints":{"allow":["GET"]}}],"collection":[{"href":"https:\/\/unitedwoodfloorlayers.com\/es\/wp-json\/wp\/v2\/pages"}],"about":[{"href":"https:\/\/unitedwoodfloorlayers.com\/es\/wp-json\/wp\/v2\/types\/page"}],"author":[{"embeddable":true,"href":"https:\/\/unitedwoodfloorlayers.com\/es\/wp-json\/wp\/v2\/users\/2"}],"replies":[{"embeddable":true,"href":"https:\/\/unitedwoodfloorlayers.com\/es\/wp-json\/wp\/v2\/comments?post=1717"}],"version-history":[{"count":2,"href":"https:\/\/unitedwoodfloorlayers.com\/es\/wp-json\/wp\/v2\/pages\/1717\/revisions"}],"predecessor-version":[{"id":1719,"href":"https:\/\/unitedwoodfloorlayers.com\/es\/wp-json\/wp\/v2\/pages\/1717\/revisions\/1719"}],"wp:attachment":[{"href":"https:\/\/unitedwoodfloorlayers.com\/es\/wp-json\/wp\/v2\/media?parent=1717"}],"curies":[{"name":"wp","href":"https:\/\/api.w.org\/{rel}","templated":true}]}}