{"id":1714,"date":"2025-09-04T13:57:16","date_gmt":"2025-09-04T13:57:16","guid":{"rendered":"https:\/\/unitedwoodfloorlayers.com\/index.php\/begleiten-sie-uns\/"},"modified":"2025-11-04T19:35:44","modified_gmt":"2025-11-04T19:35:44","slug":"begleiten-sie-uns","status":"publish","type":"page","link":"https:\/\/unitedwoodfloorlayers.com\/de\/begleiten-sie-uns\/","title":{"rendered":"Begleiten Sie uns"},"content":{"rendered":"<p><div class=\"fusion-fullwidth fullwidth-box fusion-builder-row-1 fusion-flex-container fusion-parallax-none hundred-percent-fullwidth non-hundred-percent-height-scrolling lazyload\" style=\"--link_hover_color: var(--awb-color1);--link_color: var(--awb-color4);--awb-border-radius-top-left:0px;--awb-border-radius-top-right:0px;--awb-border-radius-bottom-right:0px;--awb-border-radius-bottom-left:0px;--awb-padding-top:245px;--awb-padding-right:11vw;--awb-padding-bottom:450px;--awb-padding-left:11vw;--awb-padding-top-medium:160px;--awb-padding-right-medium:6vw;--awb-padding-bottom-medium:90px;--awb-padding-left-medium:6vw;--awb-padding-top-small:155px;--awb-padding-bottom-small:80px;--awb-margin-bottom:0px;--awb-margin-bottom-small:20px;--awb-background-color:var(--awb-color7);--awb-background-image:linear-gradient(180deg, hsla(var(--awb-color8-h),var(--awb-color8-s),var(--awb-color8-l),calc(var(--awb-color8-a) - 80%)) 0%,hsla(var(--awb-color8-h),var(--awb-color8-s),var(--awb-color8-l),calc(var(--awb-color8-a) - 80%)) 100%);;--awb-background-size:cover;--awb-flex-wrap:wrap;\" data-bg=\"https:\/\/unitedwoodfloorlayers.com\/wp-content\/uploads\/2025\/09\/priscilla-gyamfi-xVRIFWOBK3U-unsplash-scaled.jpg\" data-bg-gradient=\"linear-gradient(180deg, hsla(var(--awb-color8-h),var(--awb-color8-s),var(--awb-color8-l),calc(var(--awb-color8-a) - 80%)) 0%,hsla(var(--awb-color8-h),var(--awb-color8-s),var(--awb-color8-l),calc(var(--awb-color8-a) - 80%)) 100%)\" ><div class=\"fusion-builder-row fusion-row fusion-flex-align-items-flex-start fusion-flex-content-wrap\" style=\"width:calc( 100% + 6vw ) !important;max-width:calc( 100% + 6vw ) !important;margin-left: calc(-6vw \/ 2 );margin-right: calc(-6vw \/ 2 );\"><\/div><\/div><div class=\"fusion-fullwidth fullwidth-box fusion-builder-row-2 fusion-flex-container hundred-percent-fullwidth non-hundred-percent-height-scrolling\" style=\"--awb-background-position:left top;--awb-border-sizes-top:0px;--awb-border-sizes-bottom:0px;--awb-border-sizes-left:0px;--awb-border-sizes-right:0px;--awb-border-radius-top-left:0px;--awb-border-radius-top-right:0px;--awb-border-radius-bottom-right:0px;--awb-border-radius-bottom-left:0px;--awb-padding-top:0px;--awb-padding-right:0px;--awb-padding-bottom:0px;--awb-padding-left:0px;--awb-flex-wrap:wrap;\" ><div class=\"fusion-builder-row fusion-row fusion-flex-align-items-stretch fusion-flex-content-wrap\" style=\"width:104% !important;max-width:104% !important;margin-left: calc(-4% \/ 2 );margin-right: calc(-4% \/ 2 );\"><div class=\"fusion-layout-column fusion_builder_column fusion-builder-column-0 fusion_builder_column_1_2 1_2 fusion-flex-column\" style=\"--awb-padding-top:100px;--awb-padding-right:10%;--awb-padding-bottom:100px;--awb-padding-left:10%;--awb-padding-top-small:0px;--awb-padding-bottom-small:0px;--awb-bg-blend:overlay;--awb-bg-size:cover;--awb-width-large:50%;--awb-margin-top-large:0px;--awb-spacing-right-large:3.84%;--awb-margin-bottom-large:0px;--awb-spacing-left-large:3.84%;--awb-width-medium:100%;--awb-spacing-right-medium:1.92%;--awb-spacing-left-medium:1.92%;--awb-width-small:100%;--awb-spacing-right-small:1.92%;--awb-spacing-left-small:1.92%;\"><div class=\"fusion-column-wrapper fusion-flex-justify-content-flex-start fusion-content-layout-column\"><div class=\"fusion-separator fusion-full-width-sep fusion-hide-on-mobile\" style=\"align-self: center;margin-left: auto;margin-right: auto;margin-top:50px;width:100%;\"><\/div><div class=\"fusion-title title fusion-title-1 fusion-sep-none fusion-title-text fusion-title-size-two\"><h2 class=\"fusion-title-heading title-heading-left\" style=\"margin:0;text-transform:uppercase;line-height:1;\">BEGLEITEN SIE UNS<\/h2><\/div><div class=\"fusion-separator\" style=\"align-self: flex-start;margin-right:auto;margin-top:0px;margin-bottom:40px;width:100%;max-width:200px;\"><div class=\"fusion-separator-border sep-single sep-solid\" style=\"--awb-height:20px;--awb-amount:20px;--awb-sep-color:var(--awb-color4);border-color:var(--awb-color4);border-top-width:3px;\"><\/div><\/div><div class=\"fusion-text fusion-text-1\"><p style=\"color: var(--awb-color8); font-size: 18px;\" data-fusion-font=\"true\">Eine Bewegung kann nur wachsen, wenn wir sie gemeinsam gestalten.<\/p>\n<p>Teilnehmen bedeutet nicht nur dabei zu sein. Teilnehmen bedeutet, selbst aktiv zu werden.<br \/>Helfen Sie mindestens drei anderen Menschen (Gutes weitergeben)<br \/>und tragen Sie zu diesem Projekt bei \u2013 auf die Art und Weise, die Ihnen am besten passt.<\/p>\n<p>Das kann durch finanzielle Unterst\u00fctzung geschehen,<br \/>durch die Bereitstellung von Material,<br \/>oder durch das Anbieten von Dienstleistungen.<br \/>Alles z\u00e4hlt.<br \/>Aber seien wir ehrlich: Ohne finanzielle Unterst\u00fctzung schaffen wir es nicht.<\/p>\n<p>Und vergiss nicht: Deine St\u00e4rke liegt nicht nur in dem, was du tust,<br \/>sondern auch darin, wen du zum Mitmachen begeisterst.<br \/>Beziehe deine Kunden, deine Nachbarn, deine Freunde, dein Netzwerk mit ein.<br \/>Melde sie an diesem Projekt und lade sie zur Teilnahme ein.<br \/>Denn selbst wenn wir das nur mit Parkettlegern umsetzen w\u00fcrden,<br \/>h\u00e4tte das bereits eine enorme, exponentielle Wirkung.<br \/>Je mehr Menschen sich anschlie\u00dfen, desto gr\u00f6\u00dfer wird die Bewegung.<\/p>\n<\/div><\/div><\/div><div class=\"fusion-layout-column fusion_builder_column fusion-builder-column-1 fusion_builder_column_1_2 1_2 fusion-flex-column\" style=\"--awb-padding-top:20px;--awb-padding-right:0px;--awb-padding-bottom:100px;--awb-padding-left:0px;--awb-bg-blend:overlay;--awb-bg-size:cover;--awb-width-large:50%;--awb-margin-top-large:0px;--awb-spacing-right-large:3.84%;--awb-margin-bottom-large:0px;--awb-spacing-left-large:3.84%;--awb-width-medium:100%;--awb-spacing-right-medium:1.92%;--awb-spacing-left-medium:1.92%;--awb-width-small:100%;--awb-spacing-right-small:1.92%;--awb-spacing-left-small:1.92%;\"><div class=\"fusion-column-wrapper lazyload fusion-flex-justify-content-flex-start fusion-content-layout-column fusion-column-has-bg-image\" data-bg-url=\"https:\/\/unitedwoodfloorlayers.com\/wp-content\/uploads\/2025\/09\/krakenimages-Y5bvRlcCx8k-unsplash-scaled.jpg\" data-bg=\"https:\/\/unitedwoodfloorlayers.com\/wp-content\/uploads\/2025\/09\/krakenimages-Y5bvRlcCx8k-unsplash-scaled.jpg\"><div class=\"fusion-separator fusion-full-width-sep\" style=\"align-self: center;margin-left: auto;margin-right: auto;margin-top:350px;width:100%;\"><\/div><\/div><\/div><\/div><\/div><div class=\"fusion-fullwidth fullwidth-box fusion-builder-row-3 fusion-flex-container hundred-percent-fullwidth non-hundred-percent-height-scrolling\" style=\"--awb-background-position:left top;--awb-border-sizes-top:0px;--awb-border-sizes-bottom:0px;--awb-border-sizes-left:0px;--awb-border-sizes-right:0px;--awb-border-radius-top-left:0px;--awb-border-radius-top-right:0px;--awb-border-radius-bottom-right:0px;--awb-border-radius-bottom-left:0px;--awb-padding-top:0px;--awb-padding-right:0px;--awb-padding-bottom:0px;--awb-padding-left:0px;--awb-flex-wrap:wrap;\" ><div class=\"fusion-builder-row fusion-row fusion-flex-align-items-stretch fusion-flex-content-wrap\" style=\"width:104% !important;max-width:104% !important;margin-left: calc(-4% \/ 2 );margin-right: calc(-4% \/ 2 );\"><div class=\"fusion-layout-column fusion_builder_column fusion-builder-column-2 fusion_builder_column_1_2 1_2 fusion-flex-column\" style=\"--awb-padding-top:20px;--awb-padding-right:0px;--awb-padding-bottom:100px;--awb-padding-left:0px;--awb-bg-blend:overlay;--awb-bg-size:cover;--awb-width-large:50%;--awb-margin-top-large:0px;--awb-spacing-right-large:3.84%;--awb-margin-bottom-large:0px;--awb-spacing-left-large:3.84%;--awb-width-medium:100%;--awb-spacing-right-medium:1.92%;--awb-spacing-left-medium:1.92%;--awb-width-small:100%;--awb-order-small:1;--awb-spacing-right-small:1.92%;--awb-spacing-left-small:1.92%;\"><div class=\"fusion-column-wrapper lazyload fusion-flex-justify-content-flex-start fusion-content-layout-column fusion-column-has-bg-image\" data-bg-url=\"https:\/\/unitedwoodfloorlayers.com\/wp-content\/uploads\/2025\/09\/austin-kehmeier-lyiKExA4zQA-unsplash-1-scaled.jpg\" data-bg=\"https:\/\/unitedwoodfloorlayers.com\/wp-content\/uploads\/2025\/09\/austin-kehmeier-lyiKExA4zQA-unsplash-1-scaled.jpg\"><div class=\"fusion-separator fusion-full-width-sep\" style=\"align-self: center;margin-left: auto;margin-right: auto;margin-top:350px;width:100%;\"><\/div><\/div><\/div><div class=\"fusion-layout-column fusion_builder_column fusion-builder-column-3 fusion_builder_column_1_2 1_2 fusion-flex-column\" style=\"--awb-padding-top:100px;--awb-padding-right:10%;--awb-padding-bottom:100px;--awb-padding-left:10%;--awb-padding-top-small:50px;--awb-padding-bottom-small:0px;--awb-bg-blend:overlay;--awb-bg-size:cover;--awb-width-large:50%;--awb-margin-top-large:0px;--awb-spacing-right-large:3.84%;--awb-margin-bottom-large:0px;--awb-spacing-left-large:3.84%;--awb-width-medium:100%;--awb-spacing-right-medium:1.92%;--awb-spacing-left-medium:1.92%;--awb-width-small:100%;--awb-order-small:0;--awb-spacing-right-small:1.92%;--awb-spacing-left-small:1.92%;\"><div class=\"fusion-column-wrapper fusion-flex-justify-content-flex-start fusion-content-layout-column\"><div class=\"fusion-text fusion-text-2\"><p style=\"color: var(--awb-color8); font-size: 18px;\" data-fusion-font=\"true\"><b>\ud83d\udc77 Parkettschichten<\/b><\/p>\n<p style=\"color: var(--awb-color8); font-size: 18px;\" data-fusion-font=\"true\">Beteilige dich an einem Kunstwerk in deinem Land.<\/p>\n<p style=\"color: var(--awb-color8); font-size: 18px;\" data-fusion-font=\"true\">Hilf drei oder mehr anderen, weiterzukommen.<\/p>\n<p style=\"color: var(--awb-color8); font-size: 18px;\" data-fusion-font=\"true\">Teile deine Geschichte und inspiriere andere, mitzumachen.<\/p>\n<p style=\"color: var(--awb-color8); font-size: 18px;\" data-fusion-font=\"true\">Und wenn m\u00f6glich, unterst\u00fctzen Sie uns auch finanziell \u2013 damit die Geschichten weiter erz\u00e4hlt werden k\u00f6nnen und unsere Botschaft in die Welt hinausgetragen werden kann.<\/p>\n<p style=\"color: var(--awb-color8); font-size: 18px;\" data-fusion-font=\"true\"><b>\ud83e\udd1d Sponsoren &amp; Unternehmen<\/b><\/p>\n<p style=\"color: var(--awb-color8); font-size: 18px;\" data-fusion-font=\"true\">Bringen Sie Ressourcen, Dienstleistungen, Materialien oder finanzielle Unterst\u00fctzung ein.<\/p>\n<p style=\"color: var(--awb-color8); font-size: 18px;\" data-fusion-font=\"true\">Zeigen Sie, dass Ihr Unternehmen Wert auf Vernetzung und soziale Wirkung legt.<\/p>\n<p style=\"color: var(--awb-color8); font-size: 18px;\" data-fusion-font=\"true\">Von der lokalen B\u00e4ckerei bis hin zu internationalen Marken \u2013 jeder kann Teil dieses Projekts werden.<\/p>\n<p style=\"color: var(--awb-color8); font-size: 18px;\" data-fusion-font=\"true\"><b>\ud83d\udcf0 Medien &amp; Plattformen<\/b><\/p>\n<p style=\"color: var(--awb-color8); font-size: 18px;\" data-fusion-font=\"true\">Erz\u00e4hle diese Geschichte.<\/p>\n<p style=\"color: var(--awb-color8); font-size: 18px;\" data-fusion-font=\"true\">Hilf mit, die Bewegung lokal und global sichtbar zu machen.<\/p>\n<p style=\"color: var(--awb-color8); font-size: 18px;\" data-fusion-font=\"true\">Finanzielle Unterst\u00fctzung ist hier ebenfalls unerl\u00e4sslich, um das Geschichtenerz\u00e4hlen weiterzuentwickeln.<\/p>\n<p style=\"color: var(--awb-color8); font-size: 18px;\" data-fusion-font=\"true\"><b>\ud83c\udf0d Alle<\/b><\/p>\n<p style=\"color: var(--awb-color8); font-size: 18px;\" data-fusion-font=\"true\">Tu etwas f\u00fcr jemand anderen.<\/p>\n<p style=\"color: var(--awb-color8); font-size: 18px;\" data-fusion-font=\"true\">Hilf drei Personen, voranzukommen, und bitte sie, dasselbe zu tun.<\/p>\n<p style=\"color: var(--awb-color8); font-size: 18px;\" data-fusion-font=\"true\">Inspiriere dein Umfeld: Nachbarn, Freunde, Kollegen, Familie.<\/p>\n<p style=\"color: var(--awb-color8); font-size: 18px;\" data-fusion-font=\"true\">Und wenn m\u00f6glich, unterst\u00fctzen Sie uns auch finanziell. Denn ohne Unterst\u00fctzung gibt es keine Geschichten, und ohne Geschichten gibt es keine globale Bewegung. <\/p>\n<\/div><\/div><\/div><\/div><\/div><div class=\"fusion-fullwidth fullwidth-box fusion-builder-row-4 fusion-flex-container has-pattern-background has-mask-background nonhundred-percent-fullwidth non-hundred-percent-height-scrolling\" style=\"--awb-border-radius-top-left:0px;--awb-border-radius-top-right:0px;--awb-border-radius-bottom-right:0px;--awb-border-radius-bottom-left:0px;--awb-flex-wrap:wrap;\" ><div class=\"fusion-builder-row fusion-row fusion-flex-align-items-flex-start fusion-flex-content-wrap\" style=\"max-width:1216.8px;margin-left: calc(-4% \/ 2 );margin-right: calc(-4% \/ 2 );\"><div class=\"fusion-layout-column fusion_builder_column fusion-builder-column-4 fusion_builder_column_1_1 1_1 fusion-flex-column\" style=\"--awb-padding-top:40px;--awb-bg-size:cover;--awb-width-large:100%;--awb-margin-top-large:0px;--awb-spacing-right-large:1.92%;--awb-margin-bottom-large:20px;--awb-spacing-left-large:1.92%;--awb-width-medium:100%;--awb-order-medium:0;--awb-spacing-right-medium:1.92%;--awb-spacing-left-medium:1.92%;--awb-width-small:100%;--awb-order-small:0;--awb-spacing-right-small:1.92%;--awb-spacing-left-small:1.92%;\"><div class=\"fusion-column-wrapper fusion-column-has-shadow fusion-flex-justify-content-flex-start fusion-content-layout-column\"><div class=\"fusion-text fusion-text-3\"><p style=\"text-align: center; color: var(--awb-color8); font-size: 18px;\" data-fusion-font=\"true\">Warum Unterst\u00fctzung so dringend ben\u00f6tigt wird<\/p>\n<\/p>\n<div style=\"text-align: center;\"><span style=\"background-color: rgba(0, 0, 0, 0); color: var(--awb-color8); font-size: 18px;\" data-fusion-font=\"true\">Erstellung der Kunstwerke und Sponsorenmaterialien?<\/span><\/div>\n<div style=\"text-align: center;\"><span style=\"background-color: rgba(0, 0, 0, 0); color: var(--awb-color8); font-size: 18px;\" data-fusion-font=\"true\">Das kriegen wir hin.<\/span><\/div>\n<div style=\"text-align: center;\"><span style=\"background-color: rgba(0, 0, 0, 0); color: var(--awb-color8); font-size: 18px;\" data-fusion-font=\"true\">Daf\u00fcr sind wir Parkettleger ja schlie\u00dflich da \u2013 und zum Gl\u00fcck sind auch oft Firmen bereit, einzuspringen.<\/span><\/div>\n<\/p>\n<div style=\"text-align: center;\"><span style=\"background-color: rgba(0, 0, 0, 0); color: var(--awb-color8); font-size: 18px;\" data-fusion-font=\"true\">Aber dort, wo wir dich wirklich brauchen<\/span><\/div>\n<div style=\"text-align: center;\"><span style=\"background-color: rgba(0, 0, 0, 0); color: var(--awb-color8); font-size: 18px;\" data-fusion-font=\"true\">Es geht darum, dieses Projekt sichtbar zu machen.<\/span><\/div>\n<div style=\"text-align: center;\"><span style=\"background-color: rgba(0, 0, 0, 0); color: var(--awb-color8); font-size: 18px;\" data-fusion-font=\"true\">Beim Geschichtenerz\u00e4hlen.<\/span><\/div>\n<div style=\"text-align: center;\"><span style=\"background-color: rgba(0, 0, 0, 0); color: var(--awb-color8); font-size: 18px;\" data-fusion-font=\"true\">Indem ich diese Geschichte mit der Welt teile.<\/span><\/div>\n<div style=\"text-align: center;\"><span style=\"background-color: rgba(0, 0, 0, 0); color: var(--awb-color8); font-size: 18px;\" data-fusion-font=\"true\">Indem es erm\u00f6glicht wird, dass das Kunstwerk reist \u2014<\/span><\/div>\n<div style=\"text-align: center;\"><span style=\"background-color: rgba(0, 0, 0, 0); color: var(--awb-color8); font-size: 18px;\" data-fusion-font=\"true\">durch die L\u00e4nder, die dazu beigetragen haben,<\/span><\/div>\n<div style=\"text-align: center;\"><span style=\"background-color: rgba(0, 0, 0, 0); color: var(--awb-color8); font-size: 18px;\" data-fusion-font=\"true\">Schritt f\u00fcr Schritt wird die Idee des Weitergebens immer weiter verbreitet.<\/span><\/div>\n<\/p>\n<div style=\"text-align: center;\"><span style=\"background-color: rgba(0, 0, 0, 0); color: var(--awb-color8); font-size: 18px;\" data-fusion-font=\"true\">Und all das zu organisieren und zu strukturieren<\/span><\/div>\n<div style=\"text-align: center;\"><span style=\"background-color: rgba(0, 0, 0, 0); color: var(--awb-color8); font-size: 18px;\" data-fusion-font=\"true\">Sie brauchen lediglich Zeit und Ressourcen.<\/span><\/div>\n<div style=\"text-align: center;\"><span style=\"background-color: rgba(0, 0, 0, 0); color: var(--awb-color8); font-size: 18px;\" data-fusion-font=\"true\">Daran f\u00fchrt kein Weg vorbei.<\/span><\/div>\n<\/p>\n<div style=\"text-align: center;\"><span style=\"background-color: rgba(0, 0, 0, 0); color: var(--awb-color8); font-size: 18px;\" data-fusion-font=\"true\">Genau hier macht Ihre Unterst\u00fctzung den Unterschied.<\/span><\/div>\n<div style=\"text-align: center;\"><span style=\"background-color: rgba(0, 0, 0, 0); color: var(--awb-color8); font-size: 18px;\" data-fusion-font=\"true\">Denn ohne Zeit, ohne Ressourcen,<\/span><\/div>\n<div style=\"text-align: center;\"><span style=\"background-color: rgba(0, 0, 0, 0); color: var(--awb-color8); font-size: 18px;\" data-fusion-font=\"true\">Dieses Projekt wird niemals \u00fcber eine Idee hinauskommen.<\/span><\/div>\n<\/p>\n<div style=\"text-align: center;\"><span style=\"background-color: rgba(0, 0, 0, 0); color: var(--awb-color8); font-size: 18px;\" data-fusion-font=\"true\">\ud83c\udf0d Mit Ihrem Beitrag stellen wir sicher, dass dieses Kunstwerk nicht nur gebaut wird,<\/span><\/div>\n<div style=\"text-align: center;\"><span style=\"background-color: rgba(0, 0, 0, 0); color: var(--awb-color8); font-size: 18px;\" data-fusion-font=\"true\">aber auch wirklich gesehen, erlebt und geteilt \u2013 weltweit.<\/span><\/div><\/p>\n<\/div><\/div><\/div><\/div><\/div><div class=\"fusion-fullwidth fullwidth-box fusion-builder-row-5 fusion-flex-container fusion-parallax-none nonhundred-percent-fullwidth non-hundred-percent-height-scrolling lazyload\" style=\"--awb-background-blend-mode:multiply;--awb-border-sizes-top:0px;--awb-border-sizes-bottom:0px;--awb-border-sizes-left:0px;--awb-border-sizes-right:0px;--awb-border-radius-top-left:0px;--awb-border-radius-top-right:0px;--awb-border-radius-bottom-right:0px;--awb-border-radius-bottom-left:0px;--awb-padding-top:150px;--awb-padding-bottom:150px;--awb-background-color:rgba(38,46,68,0.6);--awb-background-size:cover;--awb-flex-wrap:wrap;\" data-bg=\"https:\/\/unitedwoodfloorlayers.com\/wp-content\/uploads\/2025\/09\/jaime-lopes-0RDBOAdnbWM-unsplash-scaled.jpg\" ><div class=\"fusion-builder-row fusion-row fusion-flex-align-items-flex-start fusion-flex-content-wrap\" style=\"max-width:calc( 1170px + 0px );margin-left: calc(-0px \/ 2 );margin-right: calc(-0px \/ 2 );\"><div class=\"fusion-layout-column fusion_builder_column fusion-builder-column-5 fusion_builder_column_1_1 1_1 fusion-flex-column\" style=\"--awb-padding-right:11%;--awb-padding-left:11%;--awb-bg-blend:overlay;--awb-bg-size:cover;--awb-width-large:100%;--awb-margin-top-large:0px;--awb-spacing-right-large:0px;--awb-margin-bottom-large:20px;--awb-spacing-left-large:0px;--awb-width-medium:100%;--awb-spacing-right-medium:0px;--awb-spacing-left-medium:0px;--awb-width-small:100%;--awb-spacing-right-small:0px;--awb-spacing-left-small:0px;\"><div class=\"fusion-column-wrapper fusion-flex-justify-content-flex-start fusion-content-layout-column\"><div class=\"fusion-title title fusion-title-2 fusion-sep-none fusion-title-center fusion-title-text fusion-title-size-two\" style=\"--awb-text-color:var(--awb-color1);\"><h2 class=\"fusion-title-heading title-heading-center\" style=\"margin:0;text-transform:uppercase;line-height:1;\">SCHLIESSEN SIE SICH DER BEWEGUNG AN<\/h2><\/div><div class=\"fusion-separator\" style=\"align-self: center;margin-left: auto;margin-right: auto;margin-top:0px;margin-bottom:40px;width:100%;max-width:200px;\"><div class=\"fusion-separator-border sep-single sep-solid\" style=\"--awb-height:20px;--awb-amount:20px;--awb-sep-color:var(--awb-color4);border-color:var(--awb-color4);border-top-width:3px;\"><\/div><\/div><div class=\"fusion-text fusion-text-4\" style=\"--awb-content-alignment:center;--awb-font-size:var(--awb-typography2-font-size);--awb-line-height:var(--awb-typography2-line-height);--awb-letter-spacing:var(--awb-typography2-letter-spacing);--awb-text-transform:var(--awb-typography2-text-transform);--awb-text-color:var(--awb-color1);--awb-text-font-family:var(--awb-typography2-font-family);--awb-text-font-weight:var(--awb-typography2-font-weight);--awb-text-font-style:var(--awb-typography2-font-style);\"><p>Schlie\u00dfen Sie sich der Bewegung der United Wood Floor Layers und dem Konzept \u201eGutes tun\u201c an. Gemeinsam k\u00f6nnen wir etwas bewegen! <\/p>\n<\/div><div class=\"fusion-separator fusion-full-width-sep\" style=\"align-self: center;margin-left: auto;margin-right: auto;margin-top:25px;width:100%;\"><\/div><div class=\"fusion-builder-row fusion-builder-row-inner fusion-row fusion-flex-align-items-flex-start fusion-flex-content-wrap\" style=\"width:calc( 100% + 0px ) !important;max-width:calc( 100% + 0px ) !important;margin-left: calc(-0px \/ 2 );margin-right: calc(-0px \/ 2 );\"><div class=\"fusion-layout-column fusion_builder_column_inner fusion-builder-nested-column-0 fusion_builder_column_inner_1_4 1_4 fusion-flex-column\" style=\"--awb-bg-blend:overlay;--awb-bg-size:cover;--awb-width-large:25%;--awb-margin-top-large:0px;--awb-spacing-right-large:0px;--awb-margin-bottom-large:20px;--awb-spacing-left-large:0px;--awb-width-medium:100%;--awb-spacing-right-medium:0px;--awb-spacing-left-medium:0px;--awb-width-small:100%;--awb-spacing-right-small:0px;--awb-spacing-left-small:0px;\"><div class=\"fusion-column-wrapper fusion-flex-justify-content-flex-start fusion-content-layout-column\"><\/div><\/div><div class=\"fusion-layout-column fusion_builder_column_inner fusion-builder-nested-column-1 fusion_builder_column_inner_1_4 1_4 fusion-flex-column\" style=\"--awb-bg-blend:overlay;--awb-bg-size:cover;--awb-width-large:25%;--awb-margin-top-large:0px;--awb-spacing-right-large:0px;--awb-margin-bottom-large:20px;--awb-spacing-left-large:0px;--awb-width-medium:100%;--awb-spacing-right-medium:0px;--awb-spacing-left-medium:0px;--awb-width-small:100%;--awb-spacing-right-small:0px;--awb-spacing-left-small:0px;\"><div class=\"fusion-column-wrapper fusion-flex-justify-content-flex-start fusion-content-layout-column\"><div style=\"text-align:center;\"><a class=\"fusion-button button-flat fusion-button-default-size button-custom fusion-button-default button-1 fusion-button-default-span fusion-button-default-type\" style=\"--button_accent_color:var(--awb-color1);--button_accent_hover_color:var(--awb-color4);--button_border_hover_color:var(--awb-color4);--button_border_width-top:2px;--button_border_width-right:2px;--button_border_width-bottom:2px;--button_border_width-left:2px;--button_gradient_top_color:rgba(254,201,107,0);--button_gradient_bottom_color:rgba(254,201,107,0);--button_gradient_top_color_hover:rgba(0,0,0,0);--button_gradient_bottom_color_hover:rgba(0,0,0,0);\" target=\"_self\" href=\"https:\/\/unitedwoodfloorlayers.com\/index.php\/join-us\/\"><span class=\"fusion-button-text awb-button__text awb-button__text--default\">BEGLEITEN SIE UNS<\/span><\/a><\/div><\/div><\/div><div class=\"fusion-layout-column fusion_builder_column_inner fusion-builder-nested-column-2 fusion_builder_column_inner_1_4 1_4 fusion-flex-column\" style=\"--awb-bg-blend:overlay;--awb-bg-size:cover;--awb-width-large:25%;--awb-margin-top-large:0px;--awb-spacing-right-large:0px;--awb-margin-bottom-large:20px;--awb-spacing-left-large:0px;--awb-width-medium:100%;--awb-spacing-right-medium:0px;--awb-spacing-left-medium:0px;--awb-width-small:100%;--awb-spacing-right-small:0px;--awb-spacing-left-small:0px;\"><div class=\"fusion-column-wrapper fusion-flex-justify-content-flex-start fusion-content-layout-column\"><div style=\"text-align:center;\"><a class=\"fusion-button button-flat fusion-button-default-size button-custom fusion-button-default button-2 fusion-button-default-span fusion-button-default-type\" style=\"--button_accent_color:var(--awb-color1);--button_accent_hover_color:var(--awb-color4);--button_border_hover_color:var(--awb-color4);--button_border_width-top:2px;--button_border_width-right:2px;--button_border_width-bottom:2px;--button_border_width-left:2px;--button_gradient_top_color:rgba(254,201,107,0);--button_gradient_bottom_color:rgba(254,201,107,0);--button_gradient_top_color_hover:rgba(0,0,0,0);--button_gradient_bottom_color_hover:rgba(0,0,0,0);\" target=\"_self\" href=\"https:\/\/unitedwoodfloorlayers.com\/index.php\/donate\/\"><span class=\"fusion-button-text awb-button__text awb-button__text--default\">JETZT SPENDEN<\/span><\/a><\/div><\/div><\/div><div class=\"fusion-layout-column fusion_builder_column_inner fusion-builder-nested-column-3 fusion_builder_column_inner_1_4 1_4 fusion-flex-column\" style=\"--awb-bg-blend:overlay;--awb-bg-size:cover;--awb-width-large:25%;--awb-margin-top-large:0px;--awb-spacing-right-large:0px;--awb-margin-bottom-large:20px;--awb-spacing-left-large:0px;--awb-width-medium:100%;--awb-spacing-right-medium:0px;--awb-spacing-left-medium:0px;--awb-width-small:100%;--awb-spacing-right-small:0px;--awb-spacing-left-small:0px;\"><div class=\"fusion-column-wrapper fusion-flex-justify-content-flex-start fusion-content-layout-column\"><\/div><\/div><\/div><\/div><\/div><\/div><\/div><\/p>\n","protected":false},"excerpt":{"rendered":"","protected":false},"author":2,"featured_media":0,"parent":0,"menu_order":0,"comment_status":"closed","ping_status":"closed","template":"100-width.php","meta":{"footnotes":""},"class_list":["post-1714","page","type-page","status-publish","hentry"],"_links":{"self":[{"href":"https:\/\/unitedwoodfloorlayers.com\/de\/wp-json\/wp\/v2\/pages\/1714","targetHints":{"allow":["GET"]}}],"collection":[{"href":"https:\/\/unitedwoodfloorlayers.com\/de\/wp-json\/wp\/v2\/pages"}],"about":[{"href":"https:\/\/unitedwoodfloorlayers.com\/de\/wp-json\/wp\/v2\/types\/page"}],"author":[{"embeddable":true,"href":"https:\/\/unitedwoodfloorlayers.com\/de\/wp-json\/wp\/v2\/users\/2"}],"replies":[{"embeddable":true,"href":"https:\/\/unitedwoodfloorlayers.com\/de\/wp-json\/wp\/v2\/comments?post=1714"}],"version-history":[{"count":2,"href":"https:\/\/unitedwoodfloorlayers.com\/de\/wp-json\/wp\/v2\/pages\/1714\/revisions"}],"predecessor-version":[{"id":1716,"href":"https:\/\/unitedwoodfloorlayers.com\/de\/wp-json\/wp\/v2\/pages\/1714\/revisions\/1716"}],"wp:attachment":[{"href":"https:\/\/unitedwoodfloorlayers.com\/de\/wp-json\/wp\/v2\/media?parent=1714"}],"curies":[{"name":"wp","href":"https:\/\/api.w.org\/{rel}","templated":true}]}}